{"id":3851,"date":"2023-04-26T18:20:40","date_gmt":"2023-04-26T16:20:40","guid":{"rendered":"https:\/\/sp2207913.wpengine.com\/?page_id=3851"},"modified":"2025-08-08T11:27:58","modified_gmt":"2025-08-08T09:27:58","slug":"contacto","status":"publish","type":"page","link":"https:\/\/mediamagazines.es\/en\/contacto\/","title":{"rendered":"Contact"},"content":{"rendered":"<div data-elementor-type=\"wp-page\" data-elementor-id=\"3851\" class=\"elementor elementor-3851\">\n\t\t\t\t\t\t<section class=\"elementor-section elementor-top-section elementor-element elementor-element-49b8e5e9 elementor-section-boxed elementor-section-height-default elementor-section-height-default\" data-id=\"49b8e5e9\" data-element_type=\"section\" data-e-type=\"section\" data-settings=\"{&quot;background_background&quot;:&quot;classic&quot;}\">\n\t\t\t\t\t\t\t<div class=\"elementor-background-overlay\"><\/div>\n\t\t\t\t\t\t\t<div class=\"elementor-container elementor-column-gap-default\">\n\t\t\t\t\t<div class=\"elementor-column elementor-col-50 elementor-top-column elementor-element elementor-element-533ddf86\" data-id=\"533ddf86\" data-element_type=\"column\" data-e-type=\"column\" data-settings=\"{&quot;background_background&quot;:&quot;classic&quot;}\">\n\t\t\t<div class=\"elementor-widget-wrap elementor-element-populated\">\n\t\t\t\t\t\t<div class=\"elementor-element elementor-element-5b301fc8 elementor-view-default elementor-widget elementor-widget-icon\" data-id=\"5b301fc8\" data-element_type=\"widget\" data-e-type=\"widget\" data-settings=\"{&quot;_animation&quot;:&quot;none&quot;}\" data-widget_type=\"icon.default\">\n\t\t\t\t<div class=\"elementor-widget-container\">\n\t\t\t\t\t\t\t<div class=\"elementor-icon-wrapper\">\n\t\t\t<div class=\"elementor-icon\">\n\t\t\t<svg aria-hidden=\"true\" class=\"e-font-icon-svg e-fas-globe\" viewbox=\"0 0 496 512\" xmlns=\"http:\/\/www.w3.org\/2000\/svg\"><path d=\"M336.5 160C322 70.7 287.8 8 248 8s-74 62.7-88.5 152h177zM152 256c0 22.2 1.2 43.5 3.3 64h185.3c2.1-20.5 3.3-41.8 3.3-64s-1.2-43.5-3.3-64H155.3c-2.1 20.5-3.3 41.8-3.3 64zm324.7-96c-28.6-67.9-86.5-120.4-158-141.6 24.4 33.8 41.2 84.7 50 141.6h108zM177.2 18.4C105.8 39.6 47.8 92.1 19.3 160h108c8.7-56.9 25.5-107.8 49.9-141.6zM487.4 192H372.7c2.1 21 3.3 42.5 3.3 64s-1.2 43-3.3 64h114.6c5.5-20.5 8.6-41.8 8.6-64s-3.1-43.5-8.5-64zM120 256c0-21.5 1.2-43 3.3-64H8.6C3.2 212.5 0 233.8 0 256s3.2 43.5 8.6 64h114.6c-2-21-3.2-42.5-3.2-64zm39.5 96c14.5 89.3 48.7 152 88.5 152s74-62.7 88.5-152h-177zm159.3 141.6c71.4-21.2 129.4-73.7 158-141.6h-108c-8.8 56.9-25.6 107.8-50 141.6zM19.3 352c28.6 67.9 86.5 120.4 158 141.6-24.4-33.8-41.2-84.7-50-141.6h-108z\"><\/path><\/svg>\t\t\t<\/div>\n\t\t<\/div>\n\t\t\t\t\t\t<\/div>\n\t\t\t\t<\/div>\n\t\t\t\t<div class=\"elementor-element elementor-element-853d8c6 elementor-widget elementor-widget-heading\" data-id=\"853d8c6\" data-element_type=\"widget\" data-e-type=\"widget\" data-widget_type=\"heading.default\">\n\t\t\t\t<div class=\"elementor-widget-container\">\n\t\t\t\t\t<h1 class=\"elementor-heading-title elementor-size-default\">Contact Us<\/h1>\t\t\t\t<\/div>\n\t\t\t\t<\/div>\n\t\t\t\t\t<\/div>\n\t\t<\/div>\n\t\t\t\t<div class=\"elementor-column elementor-col-50 elementor-top-column elementor-element elementor-element-5adf83ca\" data-id=\"5adf83ca\" data-element_type=\"column\" data-e-type=\"column\">\n\t\t\t<div class=\"elementor-widget-wrap\">\n\t\t\t\t\t\t\t<\/div>\n\t\t<\/div>\n\t\t\t\t\t<\/div>\n\t\t<\/section>\n\t\t\t\t<section class=\"elementor-section elementor-top-section elementor-element elementor-element-69f8e1f elementor-section-boxed elementor-section-height-default elementor-section-height-default\" data-id=\"69f8e1f\" data-element_type=\"section\" data-e-type=\"section\" data-settings=\"{&quot;background_background&quot;:&quot;classic&quot;}\">\n\t\t\t\t\t\t<div class=\"elementor-container elementor-column-gap-default\">\n\t\t\t\t\t<div class=\"elementor-column elementor-col-50 elementor-top-column elementor-element elementor-element-8d161b2\" data-id=\"8d161b2\" data-element_type=\"column\" data-e-type=\"column\">\n\t\t\t<div class=\"elementor-widget-wrap elementor-element-populated\">\n\t\t\t\t\t\t<div class=\"elementor-element elementor-element-360009d elementor-widget elementor-widget-heading\" data-id=\"360009d\" data-element_type=\"widget\" data-e-type=\"widget\" data-widget_type=\"heading.default\">\n\t\t\t\t<div class=\"elementor-widget-container\">\n\t\t\t\t\t<h2 class=\"elementor-heading-title elementor-size-default\">Rely on us for the best marketing services, magazine publishing, and corporate events.<\/h2>\t\t\t\t<\/div>\n\t\t\t\t<\/div>\n\t\t\t\t<div class=\"elementor-element elementor-element-e0a5df3 elementor-widget elementor-widget-text-editor\" data-id=\"e0a5df3\" data-element_type=\"widget\" data-e-type=\"widget\" data-widget_type=\"text-editor.default\">\n\t\t\t\t<div class=\"elementor-widget-container\">\n\t\t\t\t\t\t\t\t\t<p>At Media Magazines, we offer a wide range of services: magazine publishing, graphic design, SEO and SEM, web development, exclusive advertising, and corporate event organization, among others.<\/p><p>Nuestra empresa, con m\u00e1s de 20 a\u00f1os de experiencia en los campos de comunicaci\u00f3n y marketing, est\u00e1 altamente cualificada para facilitarle los mejores servicios.<\/p><p>Si desea contar con nosotros para su proyecto, puede enviarnos un email a\u00a0<a href=\"mailto:adiaz@mediamagazines.es\" target=\"_blank\" rel=\"noopener\">adiaz@mediamagazines.es<\/a>\u00a0o a\u00a0<a href=\"mailto:info@mediamagazines.es\" target=\"_blank\" rel=\"noopener\">info@mediamagazines.es<\/a>.<\/p><p>Alternativamente, puede rellenar el siguiente formulario y nos pondremos en contacto con usted lo antes posible.<\/p>\t\t\t\t\t\t\t\t<\/div>\n\t\t\t\t<\/div>\n\t\t\t\t<div class=\"elementor-element elementor-element-359ab68 elementor-icon-list--layout-traditional elementor-list-item-link-full_width elementor-widget elementor-widget-icon-list\" data-id=\"359ab68\" data-element_type=\"widget\" data-e-type=\"widget\" data-widget_type=\"icon-list.default\">\n\t\t\t\t<div class=\"elementor-widget-container\">\n\t\t\t\t\t\t\t<ul class=\"elementor-icon-list-items\">\n\t\t\t\t\t\t\t<li class=\"elementor-icon-list-item\">\n\t\t\t\t\t\t\t\t\t\t\t<span class=\"elementor-icon-list-icon\">\n\t\t\t\t\t\t\t<svg aria-hidden=\"true\" class=\"e-font-icon-svg e-fas-location-arrow\" viewbox=\"0 0 512 512\" xmlns=\"http:\/\/www.w3.org\/2000\/svg\"><path d=\"M444.52 3.52L28.74 195.42c-47.97 22.39-31.98 92.75 19.19 92.75h175.91v175.91c0 51.17 70.36 67.17 92.75 19.19l191.9-415.78c15.99-38.39-25.59-79.97-63.97-63.97z\"><\/path><\/svg>\t\t\t\t\t\t<\/span>\n\t\t\t\t\t\t\t\t\t\t<span class=\"elementor-icon-list-text\">Madrid, Spain<\/span>\n\t\t\t\t\t\t\t\t\t<\/li>\n\t\t\t\t\t\t\t\t<li class=\"elementor-icon-list-item\">\n\t\t\t\t\t\t\t\t\t\t\t<span class=\"elementor-icon-list-icon\">\n\t\t\t\t\t\t\t<svg aria-hidden=\"true\" class=\"e-font-icon-svg e-fas-envelope\" viewbox=\"0 0 512 512\" xmlns=\"http:\/\/www.w3.org\/2000\/svg\"><path d=\"M502.3 190.8c3.9-3.1 9.7-.2 9.7 4.7V400c0 26.5-21.5 48-48 48H48c-26.5 0-48-21.5-48-48V195.6c0-5 5.7-7.8 9.7-4.7 22.4 17.4 52.1 39.5 154.1 113.6 21.1 15.4 56.7 47.8 92.2 47.6 35.7.3 72-32.8 92.3-47.6 102-74.1 131.6-96.3 154-113.7zM256 320c23.2.4 56.6-29.2 73.4-41.4 132.7-96.3 142.8-104.7 173.4-128.7 5.8-4.5 9.2-11.5 9.2-18.9v-19c0-26.5-21.5-48-48-48H48C21.5 64 0 85.5 0 112v19c0 7.4 3.4 14.3 9.2 18.9 30.6 23.9 40.7 32.4 173.4 128.7 16.8 12.2 50.2 41.8 73.4 41.4z\"><\/path><\/svg>\t\t\t\t\t\t<\/span>\n\t\t\t\t\t\t\t\t\t\t<span class=\"elementor-icon-list-text\"><a href=\"mailto:adiaz@mediamagazines.es\">adiaz@mediamagazines.es<\/a><br><a href=\"mailto:info@mediamagazines.es\">info@mediamagazines.es<\/a><\/span>\n\t\t\t\t\t\t\t\t\t<\/li>\n\t\t\t\t\t\t<\/ul>\n\t\t\t\t\t\t<\/div>\n\t\t\t\t<\/div>\n\t\t\t\t\t<\/div>\n\t\t<\/div>\n\t\t\t\t<div class=\"elementor-column elementor-col-50 elementor-top-column elementor-element elementor-element-5f0546f\" data-id=\"5f0546f\" data-element_type=\"column\" data-e-type=\"column\">\n\t\t\t<div class=\"elementor-widget-wrap elementor-element-populated\">\n\t\t\t\t\t\t<div class=\"elementor-element elementor-element-883fd13 elementor-widget elementor-widget-menu-anchor\" data-id=\"883fd13\" data-element_type=\"widget\" data-e-type=\"widget\" data-widget_type=\"menu-anchor.default\">\n\t\t\t\t<div class=\"elementor-widget-container\">\n\t\t\t\t\t\t\t<div class=\"elementor-menu-anchor\" id=\"form\"><\/div>\n\t\t\t\t\t\t<\/div>\n\t\t\t\t<\/div>\n\t\t\t\t<div class=\"elementor-element elementor-element-7edc2ff elementor-widget elementor-widget-form\" data-id=\"7edc2ff\" data-element_type=\"widget\" data-e-type=\"widget\" data-widget_type=\"form.default\">\n\t\t\t\t<div class=\"elementor-widget-container\">\n\t\t\t\t\t \t\t\t\t<\/div>\n\t\t\t\t<\/div>\n\t\t\t\t\t<\/div>\n\t\t<\/div>\n\t\t\t\t\t<\/div>\n\t\t<\/section>\n\t\t\t\t<\/div>","protected":false},"excerpt":{"rendered":"<p>Contacta con Nosotros. Cuente con nosotros para los mejores servicios de MK, edici\u00f3n de Revistas y Eventos Corporativos. En Media Magazines ofrecemos un amplio abanico de servicios: edici\u00f3n de revistas, dise\u00f1o gr\u00e1fico, SEO y SEM, desarrollo web, exclusivas de publicidad y organizaci\u00f3n de eventos corporativos, entre otros. Nuestra empresa, con m\u00e1s de 20 a\u00f1os de [&hellip;]<\/p>\n","protected":false},"author":4,"featured_media":0,"parent":0,"menu_order":0,"comment_status":"closed","ping_status":"closed","template":"","meta":{"footnotes":""},"class_list":["post-3851","page","type-page","status-publish","hentry"],"yoast_head":"<!-- This site is optimized with the Yoast SEO plugin v27.6 - https:\/\/yoast.com\/product\/yoast-seo-wordpress\/ -->\n<title>Datos de contacto | Media Magazines<\/title>\n<meta name=\"description\" content=\"Datos de contacto de Media Magazines, empresa experta en marketing digital, edici\u00f3n de revistas sectoriales y eventos corporativos\" \/>\n<meta name=\"robots\" content=\"index, follow, max-snippet:-1, max-image-preview:large, max-video-preview:-1\" \/>\n<link rel=\"canonical\" href=\"https:\/\/mediamagazines.es\/en\/contacto\/\" \/>\n<meta property=\"og:locale\" content=\"en_US\" \/>\n<meta property=\"og:type\" content=\"article\" \/>\n<meta property=\"og:title\" content=\"Datos de contacto | Media Magazines\" \/>\n<meta property=\"og:description\" content=\"Datos de contacto de Media Magazines, empresa experta en marketing digital, edici\u00f3n de revistas sectoriales y eventos corporativos\" \/>\n<meta property=\"og:url\" content=\"https:\/\/mediamagazines.es\/en\/contacto\/\" \/>\n<meta property=\"og:site_name\" content=\"Media Magazines\" \/>\n<meta property=\"article:modified_time\" content=\"2025-08-08T09:27:58+00:00\" \/>\n<meta name=\"twitter:card\" content=\"summary_large_image\" \/>\n<meta name=\"twitter:label1\" content=\"Est. reading time\" \/>\n\t<meta name=\"twitter:data1\" content=\"1 minute\" \/>\n<script type=\"application\/ld+json\" class=\"yoast-schema-graph\">{\"@context\":\"https:\\\/\\\/schema.org\",\"@graph\":[{\"@type\":\"WebPage\",\"@id\":\"https:\\\/\\\/mediamagazines.es\\\/contacto\\\/\",\"url\":\"https:\\\/\\\/mediamagazines.es\\\/contacto\\\/\",\"name\":\"Datos de contacto | Media Magazines\",\"isPartOf\":{\"@id\":\"https:\\\/\\\/mediamagazines.es\\\/#website\"},\"datePublished\":\"2023-04-26T16:20:40+00:00\",\"dateModified\":\"2025-08-08T09:27:58+00:00\",\"description\":\"Datos de contacto de Media Magazines, empresa experta en marketing digital, edici\u00f3n de revistas sectoriales y eventos corporativos\",\"breadcrumb\":{\"@id\":\"https:\\\/\\\/mediamagazines.es\\\/contacto\\\/#breadcrumb\"},\"inLanguage\":\"en-US\",\"potentialAction\":[{\"@type\":\"ReadAction\",\"target\":[\"https:\\\/\\\/mediamagazines.es\\\/contacto\\\/\"]}]},{\"@type\":\"BreadcrumbList\",\"@id\":\"https:\\\/\\\/mediamagazines.es\\\/contacto\\\/#breadcrumb\",\"itemListElement\":[{\"@type\":\"ListItem\",\"position\":1,\"name\":\"Home\",\"item\":\"https:\\\/\\\/mediamagazines.es\\\/\"},{\"@type\":\"ListItem\",\"position\":2,\"name\":\"Contacto\"}]},{\"@type\":\"WebSite\",\"@id\":\"https:\\\/\\\/mediamagazines.es\\\/#website\",\"url\":\"https:\\\/\\\/mediamagazines.es\\\/\",\"name\":\"Media Magazines\",\"description\":\"\",\"publisher\":{\"@id\":\"https:\\\/\\\/mediamagazines.es\\\/#organization\"},\"potentialAction\":[{\"@type\":\"SearchAction\",\"target\":{\"@type\":\"EntryPoint\",\"urlTemplate\":\"https:\\\/\\\/mediamagazines.es\\\/?s={search_term_string}\"},\"query-input\":{\"@type\":\"PropertyValueSpecification\",\"valueRequired\":true,\"valueName\":\"search_term_string\"}}],\"inLanguage\":\"en-US\"},{\"@type\":\"Organization\",\"@id\":\"https:\\\/\\\/mediamagazines.es\\\/#organization\",\"name\":\"Media Magazines\",\"url\":\"https:\\\/\\\/mediamagazines.es\\\/\",\"logo\":{\"@type\":\"ImageObject\",\"inLanguage\":\"en-US\",\"@id\":\"https:\\\/\\\/mediamagazines.es\\\/#\\\/schema\\\/logo\\\/image\\\/\",\"url\":\"https:\\\/\\\/mediamagazines.es\\\/wp-content\\\/uploads\\\/2023\\\/04\\\/LOGOMEDIAMAGAZINES.png\",\"contentUrl\":\"https:\\\/\\\/mediamagazines.es\\\/wp-content\\\/uploads\\\/2023\\\/04\\\/LOGOMEDIAMAGAZINES.png\",\"width\":1013,\"height\":438,\"caption\":\"Media Magazines\"},\"image\":{\"@id\":\"https:\\\/\\\/mediamagazines.es\\\/#\\\/schema\\\/logo\\\/image\\\/\"}}]}<\/script>\n<!-- \/ Yoast SEO plugin. -->","yoast_head_json":{"title":"Datos de contacto | Media Magazines","description":"Datos de contacto de Media Magazines, empresa experta en marketing digital, edici\u00f3n de revistas sectoriales y eventos corporativos","robots":{"index":"index","follow":"follow","max-snippet":"max-snippet:-1","max-image-preview":"max-image-preview:large","max-video-preview":"max-video-preview:-1"},"canonical":"https:\/\/mediamagazines.es\/en\/contacto\/","og_locale":"en_US","og_type":"article","og_title":"Datos de contacto | Media Magazines","og_description":"Datos de contacto de Media Magazines, empresa experta en marketing digital, edici\u00f3n de revistas sectoriales y eventos corporativos","og_url":"https:\/\/mediamagazines.es\/en\/contacto\/","og_site_name":"Media Magazines","article_modified_time":"2025-08-08T09:27:58+00:00","twitter_card":"summary_large_image","twitter_misc":{"Est. reading time":"1 minute"},"schema":{"@context":"https:\/\/schema.org","@graph":[{"@type":"WebPage","@id":"https:\/\/mediamagazines.es\/contacto\/","url":"https:\/\/mediamagazines.es\/contacto\/","name":"Datos de contacto | Media Magazines","isPartOf":{"@id":"https:\/\/mediamagazines.es\/#website"},"datePublished":"2023-04-26T16:20:40+00:00","dateModified":"2025-08-08T09:27:58+00:00","description":"Datos de contacto de Media Magazines, empresa experta en marketing digital, edici\u00f3n de revistas sectoriales y eventos corporativos","breadcrumb":{"@id":"https:\/\/mediamagazines.es\/contacto\/#breadcrumb"},"inLanguage":"en-US","potentialAction":[{"@type":"ReadAction","target":["https:\/\/mediamagazines.es\/contacto\/"]}]},{"@type":"BreadcrumbList","@id":"https:\/\/mediamagazines.es\/contacto\/#breadcrumb","itemListElement":[{"@type":"ListItem","position":1,"name":"Home","item":"https:\/\/mediamagazines.es\/"},{"@type":"ListItem","position":2,"name":"Contacto"}]},{"@type":"WebSite","@id":"https:\/\/mediamagazines.es\/#website","url":"https:\/\/mediamagazines.es\/","name":"Media Magazines","description":"","publisher":{"@id":"https:\/\/mediamagazines.es\/#organization"},"potentialAction":[{"@type":"SearchAction","target":{"@type":"EntryPoint","urlTemplate":"https:\/\/mediamagazines.es\/?s={search_term_string}"},"query-input":{"@type":"PropertyValueSpecification","valueRequired":true,"valueName":"search_term_string"}}],"inLanguage":"en-US"},{"@type":"Organization","@id":"https:\/\/mediamagazines.es\/#organization","name":"Media Magazines","url":"https:\/\/mediamagazines.es\/","logo":{"@type":"ImageObject","inLanguage":"en-US","@id":"https:\/\/mediamagazines.es\/#\/schema\/logo\/image\/","url":"https:\/\/mediamagazines.es\/wp-content\/uploads\/2023\/04\/LOGOMEDIAMAGAZINES.png","contentUrl":"https:\/\/mediamagazines.es\/wp-content\/uploads\/2023\/04\/LOGOMEDIAMAGAZINES.png","width":1013,"height":438,"caption":"Media Magazines"},"image":{"@id":"https:\/\/mediamagazines.es\/#\/schema\/logo\/image\/"}}]}},"_links":{"self":[{"href":"https:\/\/mediamagazines.es\/en\/wp-json\/wp\/v2\/pages\/3851","targetHints":{"allow":["GET"]}}],"collection":[{"href":"https:\/\/mediamagazines.es\/en\/wp-json\/wp\/v2\/pages"}],"about":[{"href":"https:\/\/mediamagazines.es\/en\/wp-json\/wp\/v2\/types\/page"}],"author":[{"embeddable":true,"href":"https:\/\/mediamagazines.es\/en\/wp-json\/wp\/v2\/users\/4"}],"replies":[{"embeddable":true,"href":"https:\/\/mediamagazines.es\/en\/wp-json\/wp\/v2\/comments?post=3851"}],"version-history":[{"count":0,"href":"https:\/\/mediamagazines.es\/en\/wp-json\/wp\/v2\/pages\/3851\/revisions"}],"wp:attachment":[{"href":"https:\/\/mediamagazines.es\/en\/wp-json\/wp\/v2\/media?parent=3851"}],"curies":[{"name":"wp","href":"https:\/\/api.w.org\/{rel}","templated":true}]}}